{"id":2334,"date":"2019-06-18T13:43:50","date_gmt":"2019-06-18T11:43:50","guid":{"rendered":"https:\/\/prodoc-translations.com\/?page_id=2334"},"modified":"2025-04-09T14:39:27","modified_gmt":"2025-04-09T12:39:27","slug":"qualitaet-zertifizierung-iso-17100","status":"publish","type":"page","link":"https:\/\/prodoc-translations.com\/de\/qualitaet-zertifizierung-iso-17100\/","title":{"rendered":"Zertifizierte Qualit\u00e4t"},"content":{"rendered":"","protected":false},"excerpt":{"rendered":"","protected":false},"author":1,"featured_media":12699,"parent":0,"menu_order":8,"comment_status":"closed","ping_status":"closed","template":"templates\/page-builder.php","meta":{"footnotes":""},"class_list":["post-2334","page","type-page","status-publish","has-post-thumbnail","hentry"],"yoast_head":"<!-- This site is optimized with the Yoast SEO Premium plugin v24.7 (Yoast SEO v25.5) - https:\/\/yoast.com\/wordpress\/plugins\/seo\/ -->\n<title>ISO 17100 zertifiziertes \u00dcbersetzungsb\u00fcro - PRODOC<\/title>\n<meta name=\"description\" content=\"Zertifiziertes \u00dcbersetzungsb\u00fcro nach ISO-17100 \u2714 professioneller &amp; hoher Standard f\u00fcr Ihre technische \u00dcbersetzung \u27a4Jetzt informieren!\" \/>\n<meta name=\"robots\" content=\"index, follow, max-snippet:-1, max-image-preview:large, max-video-preview:-1\" \/>\n<link rel=\"canonical\" href=\"https:\/\/prodoc-translations.com\/de\/qualitaet-zertifizierung-iso-17100\/\" \/>\n<meta property=\"og:locale\" content=\"de_DE\" \/>\n<meta property=\"og:type\" content=\"article\" \/>\n<meta property=\"og:title\" content=\"Zertifizierte Qualit\u00e4t\" \/>\n<meta property=\"og:description\" content=\"Zertifiziertes \u00dcbersetzungsb\u00fcro nach ISO-17100 \u2714 professioneller &amp; hoher Standard f\u00fcr Ihre technische \u00dcbersetzung \u27a4Jetzt informieren!\" \/>\n<meta property=\"og:url\" content=\"https:\/\/prodoc-translations.com\/de\/qualitaet-zertifizierung-iso-17100\/\" \/>\n<meta property=\"og:site_name\" content=\"prodoc-translations.com\" \/>\n<meta property=\"article:publisher\" content=\"https:\/\/facebook.com\/pages\/Prodoc-Translations-GmbH\/140996222630476\" \/>\n<meta property=\"article:modified_time\" content=\"2025-04-09T12:39:27+00:00\" \/>\n<meta property=\"og:image\" content=\"https:\/\/prodoc-translations.com\/wp-content\/uploads\/Zertifizierte-Qualitaet-klein.jpg\" \/>\n\t<meta property=\"og:image:width\" content=\"767\" \/>\n\t<meta property=\"og:image:height\" content=\"430\" \/>\n\t<meta property=\"og:image:type\" content=\"image\/jpeg\" \/>\n<meta name=\"twitter:card\" content=\"summary_large_image\" \/>\n<meta name=\"twitter:label1\" content=\"Gesch\u00e4tzte Lesezeit\" \/>\n\t<meta name=\"twitter:data1\" content=\"7\u00a0Minuten\" \/>\n<script type=\"application\/ld+json\" class=\"yoast-schema-graph\">{\"@context\":\"https:\/\/schema.org\",\"@graph\":[{\"@type\":\"WebPage\",\"@id\":\"https:\/\/prodoc-translations.com\/de\/qualitaet-zertifizierung-iso-17100\/\",\"url\":\"https:\/\/prodoc-translations.com\/de\/qualitaet-zertifizierung-iso-17100\/\",\"name\":\"ISO 17100 zertifiziertes \u00dcbersetzungsb\u00fcro - PRODOC\",\"isPartOf\":{\"@id\":\"https:\/\/prodoc-translations.com\/de\/#website\"},\"primaryImageOfPage\":{\"@id\":\"https:\/\/prodoc-translations.com\/de\/qualitaet-zertifizierung-iso-17100\/#primaryimage\"},\"image\":{\"@id\":\"https:\/\/prodoc-translations.com\/de\/qualitaet-zertifizierung-iso-17100\/#primaryimage\"},\"thumbnailUrl\":\"https:\/\/prodoc-translations.com\/wp-content\/uploads\/Zertifizierte-Qualitaet-klein.jpg\",\"datePublished\":\"2019-06-18T11:43:50+00:00\",\"dateModified\":\"2025-04-09T12:39:27+00:00\",\"description\":\"Zertifiziertes \u00dcbersetzungsb\u00fcro nach ISO-17100 \u2714 professioneller & hoher Standard f\u00fcr Ihre technische \u00dcbersetzung \u27a4Jetzt informieren!\",\"breadcrumb\":{\"@id\":\"https:\/\/prodoc-translations.com\/de\/qualitaet-zertifizierung-iso-17100\/#breadcrumb\"},\"inLanguage\":\"de\",\"potentialAction\":[{\"@type\":\"ReadAction\",\"target\":[\"https:\/\/prodoc-translations.com\/de\/qualitaet-zertifizierung-iso-17100\/\"]}]},{\"@type\":\"ImageObject\",\"inLanguage\":\"de\",\"@id\":\"https:\/\/prodoc-translations.com\/de\/qualitaet-zertifizierung-iso-17100\/#primaryimage\",\"url\":\"https:\/\/prodoc-translations.com\/wp-content\/uploads\/Zertifizierte-Qualitaet-klein.jpg\",\"contentUrl\":\"https:\/\/prodoc-translations.com\/wp-content\/uploads\/Zertifizierte-Qualitaet-klein.jpg\",\"width\":767,\"height\":430,\"caption\":\"Zertifizierte Qualit\u00e4t - Certified quality\"},{\"@type\":\"BreadcrumbList\",\"@id\":\"https:\/\/prodoc-translations.com\/de\/qualitaet-zertifizierung-iso-17100\/#breadcrumb\",\"itemListElement\":[{\"@type\":\"ListItem\",\"position\":1,\"name\":\"Home\",\"item\":\"https:\/\/prodoc-translations.com\/de\/\"},{\"@type\":\"ListItem\",\"position\":2,\"name\":\"Zertifizierte Qualit\u00e4t\"}]},{\"@type\":\"WebSite\",\"@id\":\"https:\/\/prodoc-translations.com\/de\/#website\",\"url\":\"https:\/\/prodoc-translations.com\/de\/\",\"name\":\"prodoc-translations.com\",\"description\":\"Zertifizierte technische \u00dcbersetzungen\",\"publisher\":{\"@id\":\"https:\/\/prodoc-translations.com\/de\/#organization\"},\"potentialAction\":[{\"@type\":\"SearchAction\",\"target\":{\"@type\":\"EntryPoint\",\"urlTemplate\":\"https:\/\/prodoc-translations.com\/de\/?s={search_term_string}\"},\"query-input\":{\"@type\":\"PropertyValueSpecification\",\"valueRequired\":true,\"valueName\":\"search_term_string\"}}],\"inLanguage\":\"de\"},{\"@type\":\"Organization\",\"@id\":\"https:\/\/prodoc-translations.com\/de\/#organization\",\"name\":\"PRODOC Translations GmbH\",\"url\":\"https:\/\/prodoc-translations.com\/de\/\",\"logo\":{\"@type\":\"ImageObject\",\"inLanguage\":\"de\",\"@id\":\"https:\/\/prodoc-translations.com\/de\/#\/schema\/logo\/image\/\",\"url\":\"https:\/\/prodoc-translations.com\/wp-content\/uploads\/PRODOC-Logo-2016-RGB-690x100-1.png\",\"contentUrl\":\"https:\/\/prodoc-translations.com\/wp-content\/uploads\/PRODOC-Logo-2016-RGB-690x100-1.png\",\"width\":690,\"height\":100,\"caption\":\"PRODOC Translations GmbH\"},\"image\":{\"@id\":\"https:\/\/prodoc-translations.com\/de\/#\/schema\/logo\/image\/\"},\"sameAs\":[\"https:\/\/facebook.com\/pages\/Prodoc-Translations-GmbH\/140996222630476\",\"https:\/\/linkedin.com\/company\/prodoc-translations-gmbh\",\"https:\/\/xing.com\/companies\/prodoctranslationsgmbh\"]}]}<\/script>\n<!-- \/ Yoast SEO Premium plugin. -->","yoast_head_json":{"title":"ISO 17100 zertifiziertes \u00dcbersetzungsb\u00fcro - PRODOC","description":"Zertifiziertes \u00dcbersetzungsb\u00fcro nach ISO-17100 \u2714 professioneller & hoher Standard f\u00fcr Ihre technische \u00dcbersetzung \u27a4Jetzt informieren!","robots":{"index":"index","follow":"follow","max-snippet":"max-snippet:-1","max-image-preview":"max-image-preview:large","max-video-preview":"max-video-preview:-1"},"canonical":"https:\/\/prodoc-translations.com\/de\/qualitaet-zertifizierung-iso-17100\/","og_locale":"de_DE","og_type":"article","og_title":"Zertifizierte Qualit\u00e4t","og_description":"Zertifiziertes \u00dcbersetzungsb\u00fcro nach ISO-17100 \u2714 professioneller & hoher Standard f\u00fcr Ihre technische \u00dcbersetzung \u27a4Jetzt informieren!","og_url":"https:\/\/prodoc-translations.com\/de\/qualitaet-zertifizierung-iso-17100\/","og_site_name":"prodoc-translations.com","article_publisher":"https:\/\/facebook.com\/pages\/Prodoc-Translations-GmbH\/140996222630476","article_modified_time":"2025-04-09T12:39:27+00:00","og_image":[{"width":767,"height":430,"url":"https:\/\/prodoc-translations.com\/wp-content\/uploads\/Zertifizierte-Qualitaet-klein.jpg","type":"image\/jpeg"}],"twitter_card":"summary_large_image","twitter_misc":{"Gesch\u00e4tzte Lesezeit":"7\u00a0Minuten"},"schema":{"@context":"https:\/\/schema.org","@graph":[{"@type":"WebPage","@id":"https:\/\/prodoc-translations.com\/de\/qualitaet-zertifizierung-iso-17100\/","url":"https:\/\/prodoc-translations.com\/de\/qualitaet-zertifizierung-iso-17100\/","name":"ISO 17100 zertifiziertes \u00dcbersetzungsb\u00fcro - PRODOC","isPartOf":{"@id":"https:\/\/prodoc-translations.com\/de\/#website"},"primaryImageOfPage":{"@id":"https:\/\/prodoc-translations.com\/de\/qualitaet-zertifizierung-iso-17100\/#primaryimage"},"image":{"@id":"https:\/\/prodoc-translations.com\/de\/qualitaet-zertifizierung-iso-17100\/#primaryimage"},"thumbnailUrl":"https:\/\/prodoc-translations.com\/wp-content\/uploads\/Zertifizierte-Qualitaet-klein.jpg","datePublished":"2019-06-18T11:43:50+00:00","dateModified":"2025-04-09T12:39:27+00:00","description":"Zertifiziertes \u00dcbersetzungsb\u00fcro nach ISO-17100 \u2714 professioneller & hoher Standard f\u00fcr Ihre technische \u00dcbersetzung \u27a4Jetzt informieren!","breadcrumb":{"@id":"https:\/\/prodoc-translations.com\/de\/qualitaet-zertifizierung-iso-17100\/#breadcrumb"},"inLanguage":"de","potentialAction":[{"@type":"ReadAction","target":["https:\/\/prodoc-translations.com\/de\/qualitaet-zertifizierung-iso-17100\/"]}]},{"@type":"ImageObject","inLanguage":"de","@id":"https:\/\/prodoc-translations.com\/de\/qualitaet-zertifizierung-iso-17100\/#primaryimage","url":"https:\/\/prodoc-translations.com\/wp-content\/uploads\/Zertifizierte-Qualitaet-klein.jpg","contentUrl":"https:\/\/prodoc-translations.com\/wp-content\/uploads\/Zertifizierte-Qualitaet-klein.jpg","width":767,"height":430,"caption":"Zertifizierte Qualit\u00e4t - Certified quality"},{"@type":"BreadcrumbList","@id":"https:\/\/prodoc-translations.com\/de\/qualitaet-zertifizierung-iso-17100\/#breadcrumb","itemListElement":[{"@type":"ListItem","position":1,"name":"Home","item":"https:\/\/prodoc-translations.com\/de\/"},{"@type":"ListItem","position":2,"name":"Zertifizierte Qualit\u00e4t"}]},{"@type":"WebSite","@id":"https:\/\/prodoc-translations.com\/de\/#website","url":"https:\/\/prodoc-translations.com\/de\/","name":"prodoc-translations.com","description":"Zertifizierte technische \u00dcbersetzungen","publisher":{"@id":"https:\/\/prodoc-translations.com\/de\/#organization"},"potentialAction":[{"@type":"SearchAction","target":{"@type":"EntryPoint","urlTemplate":"https:\/\/prodoc-translations.com\/de\/?s={search_term_string}"},"query-input":{"@type":"PropertyValueSpecification","valueRequired":true,"valueName":"search_term_string"}}],"inLanguage":"de"},{"@type":"Organization","@id":"https:\/\/prodoc-translations.com\/de\/#organization","name":"PRODOC Translations GmbH","url":"https:\/\/prodoc-translations.com\/de\/","logo":{"@type":"ImageObject","inLanguage":"de","@id":"https:\/\/prodoc-translations.com\/de\/#\/schema\/logo\/image\/","url":"https:\/\/prodoc-translations.com\/wp-content\/uploads\/PRODOC-Logo-2016-RGB-690x100-1.png","contentUrl":"https:\/\/prodoc-translations.com\/wp-content\/uploads\/PRODOC-Logo-2016-RGB-690x100-1.png","width":690,"height":100,"caption":"PRODOC Translations GmbH"},"image":{"@id":"https:\/\/prodoc-translations.com\/de\/#\/schema\/logo\/image\/"},"sameAs":["https:\/\/facebook.com\/pages\/Prodoc-Translations-GmbH\/140996222630476","https:\/\/linkedin.com\/company\/prodoc-translations-gmbh","https:\/\/xing.com\/companies\/prodoctranslationsgmbh"]}]}},"acf":[],"_links":{"self":[{"href":"https:\/\/prodoc-translations.com\/de\/wp-json\/wp\/v2\/pages\/2334","targetHints":{"allow":["GET"]}}],"collection":[{"href":"https:\/\/prodoc-translations.com\/de\/wp-json\/wp\/v2\/pages"}],"about":[{"href":"https:\/\/prodoc-translations.com\/de\/wp-json\/wp\/v2\/types\/page"}],"author":[{"embeddable":true,"href":"https:\/\/prodoc-translations.com\/de\/wp-json\/wp\/v2\/users\/1"}],"replies":[{"embeddable":true,"href":"https:\/\/prodoc-translations.com\/de\/wp-json\/wp\/v2\/comments?post=2334"}],"version-history":[{"count":50,"href":"https:\/\/prodoc-translations.com\/de\/wp-json\/wp\/v2\/pages\/2334\/revisions"}],"predecessor-version":[{"id":14068,"href":"https:\/\/prodoc-translations.com\/de\/wp-json\/wp\/v2\/pages\/2334\/revisions\/14068"}],"wp:featuredmedia":[{"embeddable":true,"href":"https:\/\/prodoc-translations.com\/de\/wp-json\/wp\/v2\/media\/12699"}],"wp:attachment":[{"href":"https:\/\/prodoc-translations.com\/de\/wp-json\/wp\/v2\/media?parent=2334"}],"curies":[{"name":"wp","href":"https:\/\/api.w.org\/{rel}","templated":true}]}}