{"id":2573,"date":"2019-06-26T09:39:55","date_gmt":"2019-06-26T07:39:55","guid":{"rendered":"https:\/\/prodoc-translations.com\/?page_id=2573"},"modified":"2024-11-08T15:37:09","modified_gmt":"2024-11-08T14:37:09","slug":"referenzen","status":"publish","type":"page","link":"https:\/\/prodoc-translations.com\/de\/referenzen\/","title":{"rendered":"Referenzen"},"content":{"rendered":"","protected":false},"excerpt":{"rendered":"","protected":false},"author":2,"featured_media":12710,"parent":0,"menu_order":9,"comment_status":"closed","ping_status":"closed","template":"templates\/page-builder.php","meta":{"footnotes":""},"class_list":["post-2573","page","type-page","status-publish","has-post-thumbnail","hentry"],"yoast_head":"<!-- This site is optimized with the Yoast SEO Premium plugin v24.7 (Yoast SEO v25.5) - https:\/\/yoast.com\/wordpress\/plugins\/seo\/ -->\n<title>Referenzen von PRODOC im Bereich technische \u00dcbersetzung<\/title>\n<meta name=\"description\" content=\"Unsere Kunden und was Sie \u00fcber unseren Service sagen: Dienstleistungen rund um die technische \u00dcbersetzung von absoluten Profis!\" \/>\n<meta name=\"robots\" content=\"index, follow, max-snippet:-1, max-image-preview:large, max-video-preview:-1\" \/>\n<link rel=\"canonical\" href=\"https:\/\/prodoc-translations.com\/de\/referenzen\/\" \/>\n<meta property=\"og:locale\" content=\"de_DE\" \/>\n<meta property=\"og:type\" content=\"article\" \/>\n<meta property=\"og:title\" content=\"Referenzen\" \/>\n<meta property=\"og:description\" content=\"Unsere Kunden und was Sie \u00fcber unseren Service sagen: Dienstleistungen rund um die technische \u00dcbersetzung von absoluten Profis!\" \/>\n<meta property=\"og:url\" content=\"https:\/\/prodoc-translations.com\/de\/referenzen\/\" \/>\n<meta property=\"og:site_name\" content=\"prodoc-translations.com\" \/>\n<meta property=\"article:publisher\" content=\"https:\/\/facebook.com\/pages\/Prodoc-Translations-GmbH\/140996222630476\" \/>\n<meta property=\"article:modified_time\" content=\"2024-11-08T14:37:09+00:00\" \/>\n<meta property=\"og:image\" content=\"https:\/\/prodoc-translations.com\/wp-content\/uploads\/Referenzen-klein.jpg\" \/>\n\t<meta property=\"og:image:width\" content=\"767\" \/>\n\t<meta property=\"og:image:height\" content=\"430\" \/>\n\t<meta property=\"og:image:type\" content=\"image\/jpeg\" \/>\n<meta name=\"twitter:card\" content=\"summary_large_image\" \/>\n<meta name=\"twitter:label1\" content=\"Gesch\u00e4tzte Lesezeit\" \/>\n\t<meta name=\"twitter:data1\" content=\"1\u00a0Minute\" \/>\n<script type=\"application\/ld+json\" class=\"yoast-schema-graph\">{\"@context\":\"https:\/\/schema.org\",\"@graph\":[{\"@type\":\"WebPage\",\"@id\":\"https:\/\/prodoc-translations.com\/de\/referenzen\/\",\"url\":\"https:\/\/prodoc-translations.com\/de\/referenzen\/\",\"name\":\"Referenzen von PRODOC im Bereich technische \u00dcbersetzung\",\"isPartOf\":{\"@id\":\"https:\/\/prodoc-translations.com\/de\/#website\"},\"primaryImageOfPage\":{\"@id\":\"https:\/\/prodoc-translations.com\/de\/referenzen\/#primaryimage\"},\"image\":{\"@id\":\"https:\/\/prodoc-translations.com\/de\/referenzen\/#primaryimage\"},\"thumbnailUrl\":\"https:\/\/prodoc-translations.com\/wp-content\/uploads\/Referenzen-klein.jpg\",\"datePublished\":\"2019-06-26T07:39:55+00:00\",\"dateModified\":\"2024-11-08T14:37:09+00:00\",\"description\":\"Unsere Kunden und was Sie \u00fcber unseren Service sagen: Dienstleistungen rund um die technische \u00dcbersetzung von absoluten Profis!\",\"breadcrumb\":{\"@id\":\"https:\/\/prodoc-translations.com\/de\/referenzen\/#breadcrumb\"},\"inLanguage\":\"de\",\"potentialAction\":[{\"@type\":\"ReadAction\",\"target\":[\"https:\/\/prodoc-translations.com\/de\/referenzen\/\"]}]},{\"@type\":\"ImageObject\",\"inLanguage\":\"de\",\"@id\":\"https:\/\/prodoc-translations.com\/de\/referenzen\/#primaryimage\",\"url\":\"https:\/\/prodoc-translations.com\/wp-content\/uploads\/Referenzen-klein.jpg\",\"contentUrl\":\"https:\/\/prodoc-translations.com\/wp-content\/uploads\/Referenzen-klein.jpg\",\"width\":767,\"height\":430,\"caption\":\"Referenzen - Credentials\"},{\"@type\":\"BreadcrumbList\",\"@id\":\"https:\/\/prodoc-translations.com\/de\/referenzen\/#breadcrumb\",\"itemListElement\":[{\"@type\":\"ListItem\",\"position\":1,\"name\":\"Home\",\"item\":\"https:\/\/prodoc-translations.com\/de\/\"},{\"@type\":\"ListItem\",\"position\":2,\"name\":\"Referenzen\"}]},{\"@type\":\"WebSite\",\"@id\":\"https:\/\/prodoc-translations.com\/de\/#website\",\"url\":\"https:\/\/prodoc-translations.com\/de\/\",\"name\":\"prodoc-translations.com\",\"description\":\"Zertifizierte technische \u00dcbersetzungen\",\"publisher\":{\"@id\":\"https:\/\/prodoc-translations.com\/de\/#organization\"},\"potentialAction\":[{\"@type\":\"SearchAction\",\"target\":{\"@type\":\"EntryPoint\",\"urlTemplate\":\"https:\/\/prodoc-translations.com\/de\/?s={search_term_string}\"},\"query-input\":{\"@type\":\"PropertyValueSpecification\",\"valueRequired\":true,\"valueName\":\"search_term_string\"}}],\"inLanguage\":\"de\"},{\"@type\":\"Organization\",\"@id\":\"https:\/\/prodoc-translations.com\/de\/#organization\",\"name\":\"PRODOC Translations GmbH\",\"url\":\"https:\/\/prodoc-translations.com\/de\/\",\"logo\":{\"@type\":\"ImageObject\",\"inLanguage\":\"de\",\"@id\":\"https:\/\/prodoc-translations.com\/de\/#\/schema\/logo\/image\/\",\"url\":\"https:\/\/prodoc-translations.com\/wp-content\/uploads\/PRODOC-Logo-2016-RGB-690x100-1.png\",\"contentUrl\":\"https:\/\/prodoc-translations.com\/wp-content\/uploads\/PRODOC-Logo-2016-RGB-690x100-1.png\",\"width\":690,\"height\":100,\"caption\":\"PRODOC Translations GmbH\"},\"image\":{\"@id\":\"https:\/\/prodoc-translations.com\/de\/#\/schema\/logo\/image\/\"},\"sameAs\":[\"https:\/\/facebook.com\/pages\/Prodoc-Translations-GmbH\/140996222630476\",\"https:\/\/linkedin.com\/company\/prodoc-translations-gmbh\",\"https:\/\/xing.com\/companies\/prodoctranslationsgmbh\"]}]}<\/script>\n<!-- \/ Yoast SEO Premium plugin. -->","yoast_head_json":{"title":"Referenzen von PRODOC im Bereich technische \u00dcbersetzung","description":"Unsere Kunden und was Sie \u00fcber unseren Service sagen: Dienstleistungen rund um die technische \u00dcbersetzung von absoluten Profis!","robots":{"index":"index","follow":"follow","max-snippet":"max-snippet:-1","max-image-preview":"max-image-preview:large","max-video-preview":"max-video-preview:-1"},"canonical":"https:\/\/prodoc-translations.com\/de\/referenzen\/","og_locale":"de_DE","og_type":"article","og_title":"Referenzen","og_description":"Unsere Kunden und was Sie \u00fcber unseren Service sagen: Dienstleistungen rund um die technische \u00dcbersetzung von absoluten Profis!","og_url":"https:\/\/prodoc-translations.com\/de\/referenzen\/","og_site_name":"prodoc-translations.com","article_publisher":"https:\/\/facebook.com\/pages\/Prodoc-Translations-GmbH\/140996222630476","article_modified_time":"2024-11-08T14:37:09+00:00","og_image":[{"width":767,"height":430,"url":"https:\/\/prodoc-translations.com\/wp-content\/uploads\/Referenzen-klein.jpg","type":"image\/jpeg"}],"twitter_card":"summary_large_image","twitter_misc":{"Gesch\u00e4tzte Lesezeit":"1\u00a0Minute"},"schema":{"@context":"https:\/\/schema.org","@graph":[{"@type":"WebPage","@id":"https:\/\/prodoc-translations.com\/de\/referenzen\/","url":"https:\/\/prodoc-translations.com\/de\/referenzen\/","name":"Referenzen von PRODOC im Bereich technische \u00dcbersetzung","isPartOf":{"@id":"https:\/\/prodoc-translations.com\/de\/#website"},"primaryImageOfPage":{"@id":"https:\/\/prodoc-translations.com\/de\/referenzen\/#primaryimage"},"image":{"@id":"https:\/\/prodoc-translations.com\/de\/referenzen\/#primaryimage"},"thumbnailUrl":"https:\/\/prodoc-translations.com\/wp-content\/uploads\/Referenzen-klein.jpg","datePublished":"2019-06-26T07:39:55+00:00","dateModified":"2024-11-08T14:37:09+00:00","description":"Unsere Kunden und was Sie \u00fcber unseren Service sagen: Dienstleistungen rund um die technische \u00dcbersetzung von absoluten Profis!","breadcrumb":{"@id":"https:\/\/prodoc-translations.com\/de\/referenzen\/#breadcrumb"},"inLanguage":"de","potentialAction":[{"@type":"ReadAction","target":["https:\/\/prodoc-translations.com\/de\/referenzen\/"]}]},{"@type":"ImageObject","inLanguage":"de","@id":"https:\/\/prodoc-translations.com\/de\/referenzen\/#primaryimage","url":"https:\/\/prodoc-translations.com\/wp-content\/uploads\/Referenzen-klein.jpg","contentUrl":"https:\/\/prodoc-translations.com\/wp-content\/uploads\/Referenzen-klein.jpg","width":767,"height":430,"caption":"Referenzen - Credentials"},{"@type":"BreadcrumbList","@id":"https:\/\/prodoc-translations.com\/de\/referenzen\/#breadcrumb","itemListElement":[{"@type":"ListItem","position":1,"name":"Home","item":"https:\/\/prodoc-translations.com\/de\/"},{"@type":"ListItem","position":2,"name":"Referenzen"}]},{"@type":"WebSite","@id":"https:\/\/prodoc-translations.com\/de\/#website","url":"https:\/\/prodoc-translations.com\/de\/","name":"prodoc-translations.com","description":"Zertifizierte technische \u00dcbersetzungen","publisher":{"@id":"https:\/\/prodoc-translations.com\/de\/#organization"},"potentialAction":[{"@type":"SearchAction","target":{"@type":"EntryPoint","urlTemplate":"https:\/\/prodoc-translations.com\/de\/?s={search_term_string}"},"query-input":{"@type":"PropertyValueSpecification","valueRequired":true,"valueName":"search_term_string"}}],"inLanguage":"de"},{"@type":"Organization","@id":"https:\/\/prodoc-translations.com\/de\/#organization","name":"PRODOC Translations GmbH","url":"https:\/\/prodoc-translations.com\/de\/","logo":{"@type":"ImageObject","inLanguage":"de","@id":"https:\/\/prodoc-translations.com\/de\/#\/schema\/logo\/image\/","url":"https:\/\/prodoc-translations.com\/wp-content\/uploads\/PRODOC-Logo-2016-RGB-690x100-1.png","contentUrl":"https:\/\/prodoc-translations.com\/wp-content\/uploads\/PRODOC-Logo-2016-RGB-690x100-1.png","width":690,"height":100,"caption":"PRODOC Translations GmbH"},"image":{"@id":"https:\/\/prodoc-translations.com\/de\/#\/schema\/logo\/image\/"},"sameAs":["https:\/\/facebook.com\/pages\/Prodoc-Translations-GmbH\/140996222630476","https:\/\/linkedin.com\/company\/prodoc-translations-gmbh","https:\/\/xing.com\/companies\/prodoctranslationsgmbh"]}]}},"acf":[],"_links":{"self":[{"href":"https:\/\/prodoc-translations.com\/de\/wp-json\/wp\/v2\/pages\/2573","targetHints":{"allow":["GET"]}}],"collection":[{"href":"https:\/\/prodoc-translations.com\/de\/wp-json\/wp\/v2\/pages"}],"about":[{"href":"https:\/\/prodoc-translations.com\/de\/wp-json\/wp\/v2\/types\/page"}],"author":[{"embeddable":true,"href":"https:\/\/prodoc-translations.com\/de\/wp-json\/wp\/v2\/users\/2"}],"replies":[{"embeddable":true,"href":"https:\/\/prodoc-translations.com\/de\/wp-json\/wp\/v2\/comments?post=2573"}],"version-history":[{"count":15,"href":"https:\/\/prodoc-translations.com\/de\/wp-json\/wp\/v2\/pages\/2573\/revisions"}],"predecessor-version":[{"id":12720,"href":"https:\/\/prodoc-translations.com\/de\/wp-json\/wp\/v2\/pages\/2573\/revisions\/12720"}],"wp:featuredmedia":[{"embeddable":true,"href":"https:\/\/prodoc-translations.com\/de\/wp-json\/wp\/v2\/media\/12710"}],"wp:attachment":[{"href":"https:\/\/prodoc-translations.com\/de\/wp-json\/wp\/v2\/media?parent=2573"}],"curies":[{"name":"wp","href":"https:\/\/api.w.org\/{rel}","templated":true}]}}