{"id":676,"date":"2019-05-15T10:53:57","date_gmt":"2019-05-15T08:53:57","guid":{"rendered":"https:\/\/prodoc-translations.com\/?page_id=676"},"modified":"2024-11-08T15:45:53","modified_gmt":"2024-11-08T14:45:53","slug":"angebot-anfordern","status":"publish","type":"page","link":"https:\/\/prodoc-translations.com\/de\/angebot-anfordern\/","title":{"rendered":"Angebot anfordern"},"content":{"rendered":"","protected":false},"excerpt":{"rendered":"","protected":false},"author":1,"featured_media":12754,"parent":0,"menu_order":17,"comment_status":"closed","ping_status":"closed","template":"templates\/page-builder.php","meta":{"footnotes":""},"class_list":["post-676","page","type-page","status-publish","has-post-thumbnail","hentry"],"yoast_head":"<!-- This site is optimized with the Yoast SEO Premium plugin v24.7 (Yoast SEO v25.5) - https:\/\/yoast.com\/wordpress\/plugins\/seo\/ -->\n<title>Angebot f\u00fcr technische \u00dcbersetzungen - PRODOC<\/title>\n<meta name=\"description\" content=\"Hier erhalten Sie direkt ein Angebot f\u00fcr Ihre technischen \u00dcbersetzungen aus Deutsch und Englisch in viele Sprachen. Jetzt anfordern!\" \/>\n<meta name=\"robots\" content=\"index, follow, max-snippet:-1, max-image-preview:large, max-video-preview:-1\" \/>\n<link rel=\"canonical\" href=\"https:\/\/prodoc-translations.com\/de\/angebot-anfordern\/\" \/>\n<meta property=\"og:locale\" content=\"de_DE\" \/>\n<meta property=\"og:type\" content=\"article\" \/>\n<meta property=\"og:title\" content=\"Angebot anfordern\" \/>\n<meta property=\"og:description\" content=\"Hier erhalten Sie direkt ein Angebot f\u00fcr Ihre technischen \u00dcbersetzungen aus Deutsch und Englisch in viele Sprachen. Jetzt anfordern!\" \/>\n<meta property=\"og:url\" content=\"https:\/\/prodoc-translations.com\/de\/angebot-anfordern\/\" \/>\n<meta property=\"og:site_name\" content=\"prodoc-translations.com\" \/>\n<meta property=\"article:publisher\" content=\"https:\/\/facebook.com\/pages\/Prodoc-Translations-GmbH\/140996222630476\" \/>\n<meta property=\"article:modified_time\" content=\"2024-11-08T14:45:53+00:00\" \/>\n<meta property=\"og:image\" content=\"https:\/\/prodoc-translations.com\/wp-content\/uploads\/Angebot-anfordern-klein.jpg\" \/>\n\t<meta property=\"og:image:width\" content=\"767\" \/>\n\t<meta property=\"og:image:height\" content=\"430\" \/>\n\t<meta property=\"og:image:type\" content=\"image\/jpeg\" \/>\n<meta name=\"twitter:card\" content=\"summary_large_image\" \/>\n<meta name=\"twitter:label1\" content=\"Gesch\u00e4tzte Lesezeit\" \/>\n\t<meta name=\"twitter:data1\" content=\"1\u00a0Minute\" \/>\n<script type=\"application\/ld+json\" class=\"yoast-schema-graph\">{\"@context\":\"https:\/\/schema.org\",\"@graph\":[{\"@type\":\"WebPage\",\"@id\":\"https:\/\/prodoc-translations.com\/de\/angebot-anfordern\/\",\"url\":\"https:\/\/prodoc-translations.com\/de\/angebot-anfordern\/\",\"name\":\"Angebot f\u00fcr technische \u00dcbersetzungen - PRODOC\",\"isPartOf\":{\"@id\":\"https:\/\/prodoc-translations.com\/de\/#website\"},\"primaryImageOfPage\":{\"@id\":\"https:\/\/prodoc-translations.com\/de\/angebot-anfordern\/#primaryimage\"},\"image\":{\"@id\":\"https:\/\/prodoc-translations.com\/de\/angebot-anfordern\/#primaryimage\"},\"thumbnailUrl\":\"https:\/\/prodoc-translations.com\/wp-content\/uploads\/Angebot-anfordern-klein.jpg\",\"datePublished\":\"2019-05-15T08:53:57+00:00\",\"dateModified\":\"2024-11-08T14:45:53+00:00\",\"description\":\"Hier erhalten Sie direkt ein Angebot f\u00fcr Ihre technischen \u00dcbersetzungen aus Deutsch und Englisch in viele Sprachen. Jetzt anfordern!\",\"breadcrumb\":{\"@id\":\"https:\/\/prodoc-translations.com\/de\/angebot-anfordern\/#breadcrumb\"},\"inLanguage\":\"de\",\"potentialAction\":[{\"@type\":\"ReadAction\",\"target\":[\"https:\/\/prodoc-translations.com\/de\/angebot-anfordern\/\"]}]},{\"@type\":\"ImageObject\",\"inLanguage\":\"de\",\"@id\":\"https:\/\/prodoc-translations.com\/de\/angebot-anfordern\/#primaryimage\",\"url\":\"https:\/\/prodoc-translations.com\/wp-content\/uploads\/Angebot-anfordern-klein.jpg\",\"contentUrl\":\"https:\/\/prodoc-translations.com\/wp-content\/uploads\/Angebot-anfordern-klein.jpg\",\"width\":767,\"height\":430,\"caption\":\"Angebot anfordern - Request a quotation\"},{\"@type\":\"BreadcrumbList\",\"@id\":\"https:\/\/prodoc-translations.com\/de\/angebot-anfordern\/#breadcrumb\",\"itemListElement\":[{\"@type\":\"ListItem\",\"position\":1,\"name\":\"Home\",\"item\":\"https:\/\/prodoc-translations.com\/de\/\"},{\"@type\":\"ListItem\",\"position\":2,\"name\":\"Angebot anfordern\"}]},{\"@type\":\"WebSite\",\"@id\":\"https:\/\/prodoc-translations.com\/de\/#website\",\"url\":\"https:\/\/prodoc-translations.com\/de\/\",\"name\":\"prodoc-translations.com\",\"description\":\"Zertifizierte technische \u00dcbersetzungen\",\"publisher\":{\"@id\":\"https:\/\/prodoc-translations.com\/de\/#organization\"},\"potentialAction\":[{\"@type\":\"SearchAction\",\"target\":{\"@type\":\"EntryPoint\",\"urlTemplate\":\"https:\/\/prodoc-translations.com\/de\/?s={search_term_string}\"},\"query-input\":{\"@type\":\"PropertyValueSpecification\",\"valueRequired\":true,\"valueName\":\"search_term_string\"}}],\"inLanguage\":\"de\"},{\"@type\":\"Organization\",\"@id\":\"https:\/\/prodoc-translations.com\/de\/#organization\",\"name\":\"PRODOC Translations GmbH\",\"url\":\"https:\/\/prodoc-translations.com\/de\/\",\"logo\":{\"@type\":\"ImageObject\",\"inLanguage\":\"de\",\"@id\":\"https:\/\/prodoc-translations.com\/de\/#\/schema\/logo\/image\/\",\"url\":\"https:\/\/prodoc-translations.com\/wp-content\/uploads\/PRODOC-Logo-2016-RGB-690x100-1.png\",\"contentUrl\":\"https:\/\/prodoc-translations.com\/wp-content\/uploads\/PRODOC-Logo-2016-RGB-690x100-1.png\",\"width\":690,\"height\":100,\"caption\":\"PRODOC Translations GmbH\"},\"image\":{\"@id\":\"https:\/\/prodoc-translations.com\/de\/#\/schema\/logo\/image\/\"},\"sameAs\":[\"https:\/\/facebook.com\/pages\/Prodoc-Translations-GmbH\/140996222630476\",\"https:\/\/linkedin.com\/company\/prodoc-translations-gmbh\",\"https:\/\/xing.com\/companies\/prodoctranslationsgmbh\"]}]}<\/script>\n<!-- \/ Yoast SEO Premium plugin. -->","yoast_head_json":{"title":"Angebot f\u00fcr technische \u00dcbersetzungen - PRODOC","description":"Hier erhalten Sie direkt ein Angebot f\u00fcr Ihre technischen \u00dcbersetzungen aus Deutsch und Englisch in viele Sprachen. Jetzt anfordern!","robots":{"index":"index","follow":"follow","max-snippet":"max-snippet:-1","max-image-preview":"max-image-preview:large","max-video-preview":"max-video-preview:-1"},"canonical":"https:\/\/prodoc-translations.com\/de\/angebot-anfordern\/","og_locale":"de_DE","og_type":"article","og_title":"Angebot anfordern","og_description":"Hier erhalten Sie direkt ein Angebot f\u00fcr Ihre technischen \u00dcbersetzungen aus Deutsch und Englisch in viele Sprachen. Jetzt anfordern!","og_url":"https:\/\/prodoc-translations.com\/de\/angebot-anfordern\/","og_site_name":"prodoc-translations.com","article_publisher":"https:\/\/facebook.com\/pages\/Prodoc-Translations-GmbH\/140996222630476","article_modified_time":"2024-11-08T14:45:53+00:00","og_image":[{"width":767,"height":430,"url":"https:\/\/prodoc-translations.com\/wp-content\/uploads\/Angebot-anfordern-klein.jpg","type":"image\/jpeg"}],"twitter_card":"summary_large_image","twitter_misc":{"Gesch\u00e4tzte Lesezeit":"1\u00a0Minute"},"schema":{"@context":"https:\/\/schema.org","@graph":[{"@type":"WebPage","@id":"https:\/\/prodoc-translations.com\/de\/angebot-anfordern\/","url":"https:\/\/prodoc-translations.com\/de\/angebot-anfordern\/","name":"Angebot f\u00fcr technische \u00dcbersetzungen - PRODOC","isPartOf":{"@id":"https:\/\/prodoc-translations.com\/de\/#website"},"primaryImageOfPage":{"@id":"https:\/\/prodoc-translations.com\/de\/angebot-anfordern\/#primaryimage"},"image":{"@id":"https:\/\/prodoc-translations.com\/de\/angebot-anfordern\/#primaryimage"},"thumbnailUrl":"https:\/\/prodoc-translations.com\/wp-content\/uploads\/Angebot-anfordern-klein.jpg","datePublished":"2019-05-15T08:53:57+00:00","dateModified":"2024-11-08T14:45:53+00:00","description":"Hier erhalten Sie direkt ein Angebot f\u00fcr Ihre technischen \u00dcbersetzungen aus Deutsch und Englisch in viele Sprachen. Jetzt anfordern!","breadcrumb":{"@id":"https:\/\/prodoc-translations.com\/de\/angebot-anfordern\/#breadcrumb"},"inLanguage":"de","potentialAction":[{"@type":"ReadAction","target":["https:\/\/prodoc-translations.com\/de\/angebot-anfordern\/"]}]},{"@type":"ImageObject","inLanguage":"de","@id":"https:\/\/prodoc-translations.com\/de\/angebot-anfordern\/#primaryimage","url":"https:\/\/prodoc-translations.com\/wp-content\/uploads\/Angebot-anfordern-klein.jpg","contentUrl":"https:\/\/prodoc-translations.com\/wp-content\/uploads\/Angebot-anfordern-klein.jpg","width":767,"height":430,"caption":"Angebot anfordern - Request a quotation"},{"@type":"BreadcrumbList","@id":"https:\/\/prodoc-translations.com\/de\/angebot-anfordern\/#breadcrumb","itemListElement":[{"@type":"ListItem","position":1,"name":"Home","item":"https:\/\/prodoc-translations.com\/de\/"},{"@type":"ListItem","position":2,"name":"Angebot anfordern"}]},{"@type":"WebSite","@id":"https:\/\/prodoc-translations.com\/de\/#website","url":"https:\/\/prodoc-translations.com\/de\/","name":"prodoc-translations.com","description":"Zertifizierte technische \u00dcbersetzungen","publisher":{"@id":"https:\/\/prodoc-translations.com\/de\/#organization"},"potentialAction":[{"@type":"SearchAction","target":{"@type":"EntryPoint","urlTemplate":"https:\/\/prodoc-translations.com\/de\/?s={search_term_string}"},"query-input":{"@type":"PropertyValueSpecification","valueRequired":true,"valueName":"search_term_string"}}],"inLanguage":"de"},{"@type":"Organization","@id":"https:\/\/prodoc-translations.com\/de\/#organization","name":"PRODOC Translations GmbH","url":"https:\/\/prodoc-translations.com\/de\/","logo":{"@type":"ImageObject","inLanguage":"de","@id":"https:\/\/prodoc-translations.com\/de\/#\/schema\/logo\/image\/","url":"https:\/\/prodoc-translations.com\/wp-content\/uploads\/PRODOC-Logo-2016-RGB-690x100-1.png","contentUrl":"https:\/\/prodoc-translations.com\/wp-content\/uploads\/PRODOC-Logo-2016-RGB-690x100-1.png","width":690,"height":100,"caption":"PRODOC Translations GmbH"},"image":{"@id":"https:\/\/prodoc-translations.com\/de\/#\/schema\/logo\/image\/"},"sameAs":["https:\/\/facebook.com\/pages\/Prodoc-Translations-GmbH\/140996222630476","https:\/\/linkedin.com\/company\/prodoc-translations-gmbh","https:\/\/xing.com\/companies\/prodoctranslationsgmbh"]}]}},"acf":[],"_links":{"self":[{"href":"https:\/\/prodoc-translations.com\/de\/wp-json\/wp\/v2\/pages\/676","targetHints":{"allow":["GET"]}}],"collection":[{"href":"https:\/\/prodoc-translations.com\/de\/wp-json\/wp\/v2\/pages"}],"about":[{"href":"https:\/\/prodoc-translations.com\/de\/wp-json\/wp\/v2\/types\/page"}],"author":[{"embeddable":true,"href":"https:\/\/prodoc-translations.com\/de\/wp-json\/wp\/v2\/users\/1"}],"replies":[{"embeddable":true,"href":"https:\/\/prodoc-translations.com\/de\/wp-json\/wp\/v2\/comments?post=676"}],"version-history":[{"count":12,"href":"https:\/\/prodoc-translations.com\/de\/wp-json\/wp\/v2\/pages\/676\/revisions"}],"predecessor-version":[{"id":12764,"href":"https:\/\/prodoc-translations.com\/de\/wp-json\/wp\/v2\/pages\/676\/revisions\/12764"}],"wp:featuredmedia":[{"embeddable":true,"href":"https:\/\/prodoc-translations.com\/de\/wp-json\/wp\/v2\/media\/12754"}],"wp:attachment":[{"href":"https:\/\/prodoc-translations.com\/de\/wp-json\/wp\/v2\/media?parent=676"}],"curies":[{"name":"wp","href":"https:\/\/api.w.org\/{rel}","templated":true}]}}